{"id":6200,"date":"2020-08-27T05:15:14","date_gmt":"2020-08-27T05:15:14","guid":{"rendered":"http:\/\/new.bernhardrinner.com\/?page_id=6200"},"modified":"2020-09-04T08:12:54","modified_gmt":"2020-09-04T08:12:54","slug":"contact","status":"publish","type":"page","link":"https:\/\/bernhardrinner.com\/?page_id=6200","title":{"rendered":"Contact"},"content":{"rendered":"\n<div class=\"wp-block-columns is-layout-flex wp-container-core-columns-is-layout-9d6595d7 wp-block-columns-is-layout-flex\">\n<div class=\"wp-block-column is-layout-flow wp-block-column-is-layout-flow\">\n<h4 class=\"wp-block-heading\">Postal address<\/h4>\n\n\n\n<p>University of Klagenfurt<br>Institute of Networked and Embedded Systems<br>Universit\u00e4tsstra\u00dfe 65-67<a href=\"https:\/\/goo.gl\/maps\/AYGH2\"><\/a><br>9020 Klagenfurt am W\u00f6rthersee<br>Austria<\/p>\n\n\n\n<p>Phone: +43-463-2700-ext<br>Fax: +43-463-2700-99-ext<br>E-Mail: firstname.lastname@aau.at<br>\ufeff<\/p>\n<\/div>\n\n\n\n<div class=\"wp-block-column is-layout-flow wp-block-column-is-layout-flow\">\n<h4 class=\"wp-block-heading\">Visiting address<\/h4>\n\n\n\n<p><a href=\"https:\/\/www.aau.at\/en\/\" data-type=\"URL\" data-id=\"https:\/\/www.aau.at\/en\/\">University of Klagenfurt<\/a><br><a href=\"https:\/\/nes.aau.at\/\" data-type=\"URL\" data-id=\"https:\/\/nes.aau.at\/\">Institute of Networked and Embedded Systems<\/a><br>Lakeside Park B02b, Level 1<br>Room <a href=\"https:\/\/campusplan.aau.at\/en\/\" data-type=\"URL\" data-id=\"https:\/\/campusplan.aau.at\/en\/\">B02.1.62<\/a><br>9020 Klagenfurt am W\u00f6rthersee<br>Austria<\/p>\n\n\n\n<h5 class=\"wp-block-heading\">Map<\/h5>\n\n\n\n<p><a href=\"https:\/\/goo.gl\/maps\/kJJhYsycK6LdvTQ6A\">https:\/\/goo.gl\/maps\/kJJhYsycK6LdvTQ6A<\/a><\/p>\n<\/div>\n<\/div>\n\n\n\n<h4 class=\"wp-block-heading\">Executive Secretary<\/h4>\n\n\n\n<p>Ms. Heidelies Aschbacher<br>Phone: ext. -3670<\/p>\n\n\n\n<h4 class=\"wp-block-heading\">Direct<\/h4>\n\n\n\n<p>Univ.-Prof. Dr.techn. Bernhard Rinner<br>Phone: ext. -3671<\/p>\n","protected":false},"excerpt":{"rendered":"<p>Postal address University of KlagenfurtInstitute of Networked and Embedded SystemsUniversit\u00e4tsstra\u00dfe 65-679020 Klagenfurt am W\u00f6rtherseeAustria Phone: +43-463-2700-extFax: +43-463-2700-99-extE-Mail: firstname.lastname@aau.at\ufeff Visiting address University of KlagenfurtInstitute of Networked and Embedded SystemsLakeside Park B02b, Level 1Room B02.1.629020 Klagenfurt am W\u00f6rtherseeAustria Map https:\/\/goo.gl\/maps\/kJJhYsycK6LdvTQ6A Executive Secretary Ms. Heidelies AschbacherPhone: ext. -3670 Direct Univ.-Prof. Dr.techn. Bernhard RinnerPhone: [&hellip;]<\/p>\n","protected":false},"author":1,"featured_media":0,"parent":0,"menu_order":0,"comment_status":"closed","ping_status":"closed","template":"","meta":{"footnotes":""},"class_list":["post-6200","page","type-page","status-publish","hentry"],"_links":{"self":[{"href":"https:\/\/bernhardrinner.com\/index.php?rest_route=\/wp\/v2\/pages\/6200","targetHints":{"allow":["GET"]}}],"collection":[{"href":"https:\/\/bernhardrinner.com\/index.php?rest_route=\/wp\/v2\/pages"}],"about":[{"href":"https:\/\/bernhardrinner.com\/index.php?rest_route=\/wp\/v2\/types\/page"}],"author":[{"embeddable":true,"href":"https:\/\/bernhardrinner.com\/index.php?rest_route=\/wp\/v2\/users\/1"}],"replies":[{"embeddable":true,"href":"https:\/\/bernhardrinner.com\/index.php?rest_route=%2Fwp%2Fv2%2Fcomments&post=6200"}],"version-history":[{"count":10,"href":"https:\/\/bernhardrinner.com\/index.php?rest_route=\/wp\/v2\/pages\/6200\/revisions"}],"predecessor-version":[{"id":6531,"href":"https:\/\/bernhardrinner.com\/index.php?rest_route=\/wp\/v2\/pages\/6200\/revisions\/6531"}],"wp:attachment":[{"href":"https:\/\/bernhardrinner.com\/index.php?rest_route=%2Fwp%2Fv2%2Fmedia&parent=6200"}],"curies":[{"name":"wp","href":"https:\/\/api.w.org\/{rel}","templated":true}]}}